{"id":654,"date":"2009-08-31T21:26:04","date_gmt":"2009-08-31T18:26:04","guid":{"rendered":"https:\/\/heikkala.com\/matkailumaja-heikkala-ruka\/"},"modified":"2026-01-11T19:48:03","modified_gmt":"2026-01-11T17:48:03","slug":"matkailumaja-heikkala-ruka","status":"publish","type":"page","link":"https:\/\/heikkala.com\/en\/","title":{"rendered":"Cottage Rental &#8211; Ruka Holiday Resort"},"content":{"rendered":"<h3>Easy and carefree<\/h3>\n<h1>Vacation<br \/>\nIn Ruka<\/h1>\n<div>\n<h3>Search for accommodation<\/h3>\n<div>\n<form action=\"https:\/\/heikkala.bookingonline.fi\/Haku\" method=\"get\" target=\"blank\"><input name=\"kieli\" type=\"hidden\" value=\"UKN\" \/> <input name=\"teema_id\" type=\"hidden\" value=\"1977\" \/> <input name=\"alku\" size=\"auto\" type=\"date\" id=\"alku\" value=\"pp.kk.vvvv\" \/>&#8211;<input name=\"loppu\" size=\"auto\" type=\"date\" id=\"loppu\" value=\"pp.kk.vvvv\" \/> person <input max=\"15\" min=\"1\" name=\"hlo\" size=\"20\" step=\"1\" type=\"number\" value=\"3\" width=\"120px\" id=\"hlo\" \/> &nbsp;<button type=\"Submit\" class=\"el-link uk-button uk-button-primary uk-button-small\">Search<\/button><\/form>\n<\/div>\n<\/div>\n<ul>\n<li>\n<p>        <img decoding=\"async\" src=\"\/wp-content\/uploads\/2026\/01\/10-hengen-mokki-julkisivu-talvi-1-scaled.jpg\" alt=\"\"><\/p>\n<h3>Cottages for 10 people<\/h3>\n<p>Cotttages 14 and 15<\/p>\n<p><a href=\"https:\/\/heikkala.com\/en\/cottages-for-10-people\/\">More about cottage<\/a><\/p>\n<\/li>\n<li>\n<p>        <img decoding=\"async\" src=\"\/wp-content\/uploads\/2026\/01\/8-hengen-mokki-julkisivu-talvi-1-scaled.jpg\" alt=\"\"><\/p>\n<h3>Cottages for 8 people<\/h3>\n<p>Cottages 11 and 12<\/p>\n<p><a href=\"https:\/\/heikkala.com\/en\/cottages-for-8-people\/\">More about cottage<\/a><\/p>\n<\/li>\n<li>\n<p>        <img decoding=\"async\" src=\"\/wp-content\/uploads\/2026\/01\/4-hengen-mokki-julkisivu-talvi-1-scaled.jpg\" alt=\"\"><\/p>\n<h3>Cottages for 4+1 people<\/h3>\n<p>Cottages 7-10<\/p>\n<p><a href=\"https:\/\/heikkala.com\/en\/cottages-for-41-people\/\">More about cottage<\/a><\/p>\n<\/li>\n<\/ul>\n<div>\n<h2>Matkailumaja Heikkala<\/h2>\n<h5>Tourist Lodge Heikkala<\/h5>\n<p><span>Have an easy and carefree holiday in North-East Finland! We offer you accommodation in holiday cottages by Lake Talvij\u00e4rvi, in Ruka Holiday Resort.<\/span><\/p>\n<p><span>There are 8 cottages altogether. The cottages accommodate four to ten people. All in all, there are 56 beds available at Matkailumaja Heikkala.<\/span><\/p>\n<\/div>\n<p><a href=\"https:\/\/www.trivago.fi\/kuusamo-81726\/hotel\/heikkala-2708270\"><img decoding=\"async\" src=\"\/wp-content\/uploads\/2009\/08\/trivago.png\" alt=\"Trivago\"><\/a><\/p>\n<div>\n<p>Marraskuussa 2017 Trivago valitsi Matkailumaja Heikkalan Suomen viidenneksi parhaimmaksi majoitukseksi kategoriassa &#8220;Vaihtoehtoinen majoitus&#8221; sek\u00e4 Suomen seitsem\u00e4nneksi parhaimmaksi kategoriassa &#8220;Paras hinta-laatusuhde&#8221;. Uutisen voi k\u00e4yd\u00e4 lukemassa t\u00e4\u00e4lt\u00e4&nbsp;<span lang=\"FI\"><a href=\"http:\/\/room5.trivago.fi\/suomen-parhaat-hotellit-2018\" target=\"_blank\" rel=\"noopener noreferrer\">http:\/\/room5.trivago.fi\/<wbr \/>suomen-parhaat-hotellit-2018&nbsp;<br \/><\/a><strong>Kiitos kaikille uusille ja vanhoille asiakkaillemme, tervetuloa taloon!<\/strong><\/span><\/p>\n<\/div>\n<h1><a href=\"https:\/\/heikkala.com\/en\/pioneer-of-tourism\/\"><\/p>\n<p class=\"uk-h1 uk-margin-remove-vertical uk-text-center\">Pioneer of Tourism at Ruka<\/p>\n<p><\/a><\/h1>\n<div>\n<div>\n<h2>Garden and Yard<\/h2>\n<p>There are Lappish Hut&#8217;s in our garden which can freely be used for evening gatherings. In addition to this, there is a room for waxing skis.<\/p>\n<p>Free Wi-Fi internet access is available on all cottages.<\/p>\n<\/div>\n<div>\n<h2>Central Location<\/h2>\n<p>Lake Talvij\u00e4rvi lift is a handy link to all the slopes in Ruka Holiday Resort. The youngest members of the family can move around the Ruka area by themselves, no chauffeuring required.\u00a0<a href=\"http:\/\/www.ruka.fi\/en\/getting-around\" target=\"_blank\" rel=\"noopener noreferrer\">Ski Bus<\/a>\u00a0is in service until late in the evening, so it is easy to take part in the evening entertainment. At summer time the nearest hiking trail is about one kilometer and Karhunkierros Trail bus stop is about 300 meters from us.<\/p>\n<\/div>\n<\/div>\n<p><!--more--><br \/>\n<!-- {\"type\":\"layout\",\"children\":[{\"name\":\"slideshow\",\"type\":\"section\",\"props\":{\"header_transparent\":true,\"header_transparent_noplaceholder\":true,\"header_transparent_text_color\":\"light\",\"height\":\"viewport\",\"height_offset_top\":true,\"height_viewport\":80,\"image\":\"wp-content\\\/uploads\\\/2025\\\/10\\\/snowshoeing.jpg\",\"image_loading\":true,\"image_position\":\"center-center\",\"image_size\":\"cover\",\"media_overlay\":\"rgba(255, 255, 255, 0.35)\",\"padding\":\"large\",\"style\":\"secondary\",\"text_color\":\"dark\",\"title_breakpoint\":\"xl\",\"title_position\":\"top-left\",\"title_rotation\":\"left\",\"vertical_align\":\"middle\",\"width\":\"\"},\"children\":[{\"type\":\"row\",\"children\":[{\"type\":\"column\",\"props\":{\"image_position\":\"center-center\",\"position_sticky_breakpoint\":\"m\",\"width_medium\":\"1-1\"},\"children\":[{\"type\":\"headline\",\"props\":{\"content\":\"Easy and carefree\",\"margin_remove_bottom\":true,\"text_align\":\"center\",\"title_element\":\"h3\",\"title_style\":\"h3\"}},{\"type\":\"headline\",\"props\":{\"content\":\"Vacation\\nIn Ruka\",\"margin_remove_top\":true,\"text_align\":\"center\",\"title_element\":\"h1\",\"title_style\":\"heading-medium\"}}]}],\"props\":{\"margin\":\"remove-vertical\"}}]},{\"type\":\"section\",\"props\":{\"image_effect\":\"fixed\",\"image_loading\":true,\"image_position\":\"center-center\",\"image_size\":\"cover\",\"padding\":\"large\",\"preserve_color\":true,\"style\":\"secondary\",\"title_breakpoint\":\"xl\",\"title_position\":\"top-left\",\"title_rotation\":\"left\",\"vertical_align\":\"\",\"width\":\"default\"},\"children\":[{\"type\":\"row\",\"children\":[{\"type\":\"column\",\"props\":{\"image_position\":\"center-center\",\"position_sticky_breakpoint\":\"m\"},\"children\":[{\"type\":\"panel\",\"props\":{\"animation\":\"parallax\",\"block_align\":\"center\",\"content\":\"\n\n<form action=\\\"https:\\\/\\\/heikkala.bookingonline.fi\\\/Haku\\\" method=\\\"get\\\" target=\\\"blank\\\"><input name=\\\"kieli\\\" type=\\\"hidden\\\" value=\\\"UKN\\\" \\\/> <input name=\\\"teema_id\\\" type=\\\"hidden\\\" value=\\\"1977\\\" \\\/> <input name=\\\"alku\\\" size=\\\"auto\\\" type=\\\"date\\\" id=\\\"alku\\\" value=\\\"pp.kk.vvvv\\\" \\\/>-<input name=\\\"loppu\\\" size=\\\"auto\\\" type=\\\"date\\\" id=\\\"loppu\\\" value=\\\"pp.kk.vvvv\\\" \\\/> person <input max=\\\"15\\\" min=\\\"1\\\" name=\\\"hlo\\\" size=\\\"20\\\" step=\\\"1\\\" type=\\\"number\\\" value=\\\"3\\\" width=\\\"120px\\\" id=\\\"hlo\\\" \\\/> &nbsp;<button type=\\\"Submit\\\" class=\\\"el-link uk-button uk-button-primary uk-button-small\\\">Search<\\\/button><\\\/form>\",\"content_column_breakpoint\":\"m\",\"icon_width\":80,\"image_align\":\"top\",\"image_grid_breakpoint\":\"m\",\"image_grid_width\":\"1-2\",\"image_svg_color\":\"emphasis\",\"link_style\":\"default\",\"link_text\":\"Read more\",\"margin\":\"default\",\"maxwidth\":\"2xlarge\",\"meta_align\":\"below-title\",\"meta_element\":\"div\",\"meta_style\":\"text-meta\",\"panel_padding\":\"default\",\"panel_style\":\"card-secondary\",\"parallax_y\":\"-200,0\",\"text_align\":\"center\",\"title\":\"Search for accommodation\",\"title_align\":\"top\",\"title_element\":\"h3\",\"title_grid_breakpoint\":\"m\",\"title_grid_width\":\"1-2\",\"title_hover_style\":\"reset\",\"title_style\":\"h1\"}},{\"type\":\"grid\",\"props\":{\"content_column_breakpoint\":\"m\",\"filter_align\":\"left\",\"filter_all\":true,\"filter_grid_breakpoint\":\"m\",\"filter_grid_width\":\"auto\",\"filter_position\":\"top\",\"filter_style\":\"tab\",\"grid_column_align\":true,\"grid_default\":\"1\",\"grid_medium\":\"2\",\"icon_width\":80,\"image_align\":\"left\",\"image_grid_breakpoint\":\"s\",\"image_grid_width\":\"1-2\",\"image_height\":\"533\",\"image_link\":true,\"image_loading\":true,\"image_svg_color\":\"emphasis\",\"image_vertical_align\":true,\"image_width\":\"800\",\"item_animation\":true,\"lightbox_bg_close\":true,\"link_margin\":\"small\",\"link_size\":\"small\",\"link_style\":\"text\",\"link_text\":\"More about cottage\",\"margin\":\"default\",\"meta_align\":\"below-title\",\"meta_element\":\"div\",\"meta_margin\":\"small\",\"meta_style\":\"text-meta\",\"panel_expand\":\"image\",\"panel_image_no_padding\":true,\"panel_link\":true,\"panel_link_hover\":\"true\",\"panel_padding\":\"default\",\"panel_style\":\"card-default\",\"show_content\":true,\"show_hover_image\":true,\"show_hover_video\":true,\"show_image\":true,\"show_link\":true,\"show_meta\":true,\"show_title\":true,\"show_video\":true,\"title_align\":\"top\",\"title_element\":\"h3\",\"title_grid_breakpoint\":\"m\",\"title_grid_width\":\"1-2\",\"title_hover_style\":\"reset\",\"title_style\":\"h4\"},\"children\":[{\"type\":\"grid_item\",\"props\":{\"image\":\"wp-content\\\/uploads\\\/2026\\\/01\\\/10-hengen-mokki-julkisivu-talvi-1-scaled.jpg\",\"link\":\"majoituskohteet\\\/10-hengen-mokit\\\/\",\"meta\":\"Cotttages 14 and 15\",\"title\":\"Cottages for 10 people\"}},{\"type\":\"grid_item\",\"props\":{\"image\":\"wp-content\\\/uploads\\\/2026\\\/01\\\/8-hengen-mokki-julkisivu-talvi-1-scaled.jpg\",\"link\":\"majoituskohteet\\\/8-hengen-mokit\\\/\",\"meta\":\"Cottages 11 and 12\",\"title\":\"Cottages for 8 people\"}},{\"type\":\"grid_item\",\"props\":{\"image\":\"wp-content\\\/uploads\\\/2026\\\/01\\\/4-hengen-mokki-julkisivu-talvi-1-scaled.jpg\",\"link\":\"majoituskohteet\\\/41-hengen-mokit\\\/\",\"meta\":\"Cottages 7-10\",\"title\":\"Cottages for 4+1 people\"}}]}]}]}]},{\"type\":\"section\",\"props\":{\"animation\":\"slide-bottom-medium\",\"image_effect\":\"fixed\",\"image_loading\":false,\"image_position\":\"center-center\",\"image_size\":\"cover\",\"preserve_color\":true,\"style\":\"muted\",\"title_breakpoint\":\"xl\",\"title_position\":\"top-left\",\"title_rotation\":\"left\",\"vertical_align\":\"\",\"width\":\"default\"},\"children\":[{\"type\":\"row\",\"props\":{\"layout\":\"1-2,1-2\",\"margin\":\"default\",\"margin_remove_top\":false,\"width\":\"default\"},\"children\":[{\"type\":\"column\",\"props\":{\"image_position\":\"center-center\",\"position_sticky_breakpoint\":\"m\",\"style\":\"tile-default\",\"width_medium\":\"1-2\"},\"children\":[{\"name\":\"Esittely\",\"type\":\"text\",\"props\":{\"column_breakpoint\":\"m\",\"content\":\"\n\n<h2>Matkailumaja Heikkala<\\\/h2>\\n\n\n<h5>Tourist Lodge Heikkala<\\\/h5>\\n\n\n<p><span>Have an easy and carefree holiday in North-East Finland! We offer you accommodation in holiday cottages by Lake Talvij\\u00e4rvi, in Ruka Holiday Resort.<\\\/span><br \\\/><br \\\/><span>There are 8 cottages altogether. The cottages accommodate four to ten people. All in all, there are 56 beds available at Matkailumaja Heikkala.<\\\/span><\\\/p>\",\"margin\":\"default\"}}]},{\"type\":\"column\",\"props\":{\"image_position\":\"center-center\",\"position_sticky_breakpoint\":\"m\",\"style\":\"tile-muted\",\"width_medium\":\"1-2\"},\"children\":[{\"type\":\"image\",\"props\":{\"image\":\"wp-content\\\/uploads\\\/2009\\\/08\\\/trivago.png\",\"image_alt\":\"Trivago\",\"image_svg_color\":\"emphasis\",\"image_width\":\"150\",\"link\":\"https:\\\/\\\/www.trivago.fi\\\/kuusamo-81726\\\/hotel\\\/heikkala-2708270\",\"link_target\":\"blank\",\"margin\":\"default\"}},{\"name\":\"Trivago teksti\",\"type\":\"text\",\"props\":{\"block_align\":\"center\",\"column_breakpoint\":\"m\",\"content\":\"\n\n<p>Marraskuussa 2017 Trivago valitsi Matkailumaja Heikkalan Suomen viidenneksi parhaimmaksi majoitukseksi kategoriassa \\\"Vaihtoehtoinen majoitus\\\" sek\\u00e4 Suomen seitsem\\u00e4nneksi parhaimmaksi kategoriassa \\\"Paras hinta-laatusuhde\\\". Uutisen voi k\\u00e4yd\\u00e4 lukemassa t\\u00e4\\u00e4lt\\u00e4&nbsp;<span lang=\\\"FI\\\"><a href=\\\"http:\\\/\\\/room5.trivago.fi\\\/suomen-parhaat-hotellit-2018\\\" target=\\\"_blank\\\" rel=\\\"noopener noreferrer\\\">http:\\\/\\\/room5.trivago.fi\\\/<wbr \\\/>suomen-parhaat-hotellit-2018&nbsp;<br \\\/><\\\/a><strong>Kiitos kaikille uusille ja vanhoille asiakkaillemme, tervetuloa taloon!<\\\/strong><\\\/span><\\\/p>\",\"margin\":\"default\"}}]}]}]},{\"type\":\"section\",\"props\":{\"image_position\":\"center-center\",\"padding\":\"small\",\"preserve_color\":false,\"style\":\"primary\",\"title_breakpoint\":\"xl\",\"title_position\":\"top-left\",\"title_rotation\":\"left\",\"vertical_align\":\"\",\"width\":\"default\"},\"children\":[{\"type\":\"row\",\"props\":{\"margin\":\"small\"},\"children\":[{\"type\":\"column\",\"props\":{\"image_position\":\"center-center\",\"position_sticky_breakpoint\":\"m\",\"width_medium\":\"1-1\"},\"children\":[{\"name\":\"Pioneer of Tourism at Ruka\",\"type\":\"headline\",\"props\":{\"content\":\"\n\n<p class=\\\"uk-h1 uk-margin-remove-vertical uk-text-center\\\">Pioneer of Tourism at Ruka<\\\/p>\",\"link\":\"matkailun-pioneerit-rukalla\\\/\",\"margin\":\"remove-vertical\",\"text_align\":\"center\",\"title_element\":\"h1\",\"title_style\":\"h1\"}}]}]}]},{\"type\":\"section\",\"props\":{\"height\":\"viewport\",\"height_viewport\":80,\"image\":\"wp-content\\\/uploads\\\/2023\\\/04\\\/heikkala-pihapiiri-kesa.jpg\",\"image_effect\":\"fixed\",\"image_loading\":true,\"image_position\":\"center-center\",\"image_size\":\"cover\",\"style\":\"default\",\"title_breakpoint\":\"xl\",\"title_position\":\"top-left\",\"title_rotation\":\"left\",\"vertical_align\":\"middle\",\"width\":\"default\"},\"children\":[{\"type\":\"row\",\"children\":[{\"type\":\"column\",\"props\":{\"image_position\":\"center-center\",\"position_sticky_breakpoint\":\"m\",\"style\":\"tile-default\",\"vertical_align\":\"middle\",\"width_medium\":\"1-1\"},\"children\":[{\"name\":\"esittelyteksti\",\"type\":\"text\",\"props\":{\"column\":\"1-2\",\"column_breakpoint\":\"m\",\"column_divider\":true,\"content\":\"\n\n<div>\\n\n\n<h2>Garden and Yard<\\\/h2>\\n\n\n<p>There are Lappish Hut's in our garden which can freely be used for evening gatherings. In addition to this, there is a room for waxing skis.<\\\/p>\\n\n\n<p>Free Wi-Fi internet access is available on all cottages.<\\\/p>\\n<\\\/div>\\n\n\n<div>\\n\n\n<h2>Central Location<\\\/h2>\\n\n\n<p>Lake Talvij\\u00e4rvi lift is a handy link to all the slopes in Ruka Holiday Resort. The youngest members of the family can move around the Ruka area by themselves, no chauffeuring required.\\u00a0<a href=\\\"http:\\\/\\\/www.ruka.fi\\\/en\\\/getting-around\\\" target=\\\"_blank\\\" rel=\\\"noopener noreferrer\\\">Ski Bus<\\\/a>\\u00a0is in service until late in the evening, so it is easy to take part in the evening entertainment. At summer time the nearest hiking trail is about one kilometer and Karhunkierros Trail bus stop is about 300 meters from us.<\\\/p>\\n<\\\/div>\",\"margin\":\"default\"}}]}],\"props\":{\"margin\":\"default\"}}]}],\"version\":\"4.5.32\"} --><\/p>\n","protected":false},"excerpt":{"rendered":"<p>Easy and carefree Vacation In Ruka Search for accommodation &#8211; person &nbsp;Search Cottages for 10 people Cotttages 14 and 15 More about cottage Cottages for 8 people Cottages 11 and 12 More about cottage Cottages for 4+1 people Cottages 7-10 More about cottage Matkailumaja Heikkala Tourist Lodge Heikkala Have an easy and carefree holiday in [&hellip;]<\/p>\n","protected":false},"author":1,"featured_media":696,"parent":0,"menu_order":8,"comment_status":"closed","ping_status":"open","template":"","meta":{"footnotes":""},"class_list":["post-654","page","type-page","status-publish","has-post-thumbnail","hentry"],"yoast_head":"<!-- This site is optimized with the Yoast SEO plugin v27.2 - https:\/\/yoast.com\/product\/yoast-seo-wordpress\/ -->\n<title>Cottage Rental - Ruka Holiday Resort - Matkailumaja Heikkala<\/title>\n<meta name=\"description\" content=\"Have an easy and carefree holiday in North-East Finland! We offer you accommodation in holiday cottages by Lake Talvij\u00e4rvi, in Ruka Holiday Resort.\" \/>\n<meta name=\"robots\" content=\"index, follow, max-snippet:-1, max-image-preview:large, max-video-preview:-1\" \/>\n<link rel=\"canonical\" href=\"https:\/\/heikkala.com\/en\/\" \/>\n<meta property=\"og:locale\" content=\"en_US\" \/>\n<meta property=\"og:type\" content=\"article\" \/>\n<meta property=\"og:title\" content=\"Cottage Rental - Ruka Holiday Resort - Matkailumaja Heikkala\" \/>\n<meta property=\"og:description\" content=\"Have an easy and carefree holiday in North-East Finland! We offer you accommodation in holiday cottages by Lake Talvij\u00e4rvi, in Ruka Holiday Resort.\" \/>\n<meta property=\"og:url\" content=\"https:\/\/heikkala.com\/en\/\" \/>\n<meta property=\"og:site_name\" content=\"Matkailumaja Heikkala\" \/>\n<meta property=\"article:publisher\" content=\"https:\/\/www.facebook.com\/matkailumajaheikkala\/\" \/>\n<meta property=\"article:modified_time\" content=\"2026-01-11T17:48:03+00:00\" \/>\n<meta property=\"og:image\" content=\"https:\/\/heikkala.com\/wp-content\/uploads\/2023\/04\/heikkala-pihapiiri-talvi.jpg\" \/>\n\t<meta property=\"og:image:width\" content=\"1920\" \/>\n\t<meta property=\"og:image:height\" content=\"1080\" \/>\n\t<meta property=\"og:image:type\" content=\"image\/jpeg\" \/>\n<meta name=\"twitter:card\" content=\"summary_large_image\" \/>\n<meta name=\"twitter:label1\" content=\"Est. reading time\" \/>\n\t<meta name=\"twitter:data1\" content=\"4 minutes\" \/>\n<script type=\"application\/ld+json\" class=\"yoast-schema-graph\">{\"@context\":\"https:\/\/schema.org\",\"@graph\":[{\"@type\":\"WebPage\",\"@id\":\"https:\/\/heikkala.com\/en\/\",\"url\":\"https:\/\/heikkala.com\/en\/\",\"name\":\"Cottage Rental - Ruka Holiday Resort - Matkailumaja Heikkala\",\"isPartOf\":{\"@id\":\"https:\/\/heikkala.com\/en\/#website\"},\"primaryImageOfPage\":{\"@id\":\"https:\/\/heikkala.com\/en\/#primaryimage\"},\"image\":{\"@id\":\"https:\/\/heikkala.com\/en\/#primaryimage\"},\"thumbnailUrl\":\"https:\/\/heikkala.com\/wp-content\/uploads\/2023\/04\/heikkala-pihapiiri-talvi.jpg\",\"datePublished\":\"2009-08-31T18:26:04+00:00\",\"dateModified\":\"2026-01-11T17:48:03+00:00\",\"description\":\"Have an easy and carefree holiday in North-East Finland! We offer you accommodation in holiday cottages by Lake Talvij\u00e4rvi, in Ruka Holiday Resort.\",\"breadcrumb\":{\"@id\":\"https:\/\/heikkala.com\/en\/#breadcrumb\"},\"inLanguage\":\"en-US\",\"potentialAction\":[{\"@type\":\"ReadAction\",\"target\":[\"https:\/\/heikkala.com\/en\/\"]}]},{\"@type\":\"ImageObject\",\"inLanguage\":\"en-US\",\"@id\":\"https:\/\/heikkala.com\/en\/#primaryimage\",\"url\":\"https:\/\/heikkala.com\/wp-content\/uploads\/2023\/04\/heikkala-pihapiiri-talvi.jpg\",\"contentUrl\":\"https:\/\/heikkala.com\/wp-content\/uploads\/2023\/04\/heikkala-pihapiiri-talvi.jpg\",\"width\":1920,\"height\":1080},{\"@type\":\"BreadcrumbList\",\"@id\":\"https:\/\/heikkala.com\/en\/#breadcrumb\",\"itemListElement\":[{\"@type\":\"ListItem\",\"position\":1,\"name\":\"Etusivu\",\"item\":\"https:\/\/heikkala.com\/en\/\"},{\"@type\":\"ListItem\",\"position\":2,\"name\":\"Cottage Rental &#8211; Ruka Holiday Resort\"}]},{\"@type\":\"WebSite\",\"@id\":\"https:\/\/heikkala.com\/en\/#website\",\"url\":\"https:\/\/heikkala.com\/en\/\",\"name\":\"Matkailumaja Heikkala\",\"description\":\"Helppoa ja huoletonta Loman\u00adviettoa Rukalla\",\"publisher\":{\"@id\":\"https:\/\/heikkala.com\/en\/#organization\"},\"potentialAction\":[{\"@type\":\"SearchAction\",\"target\":{\"@type\":\"EntryPoint\",\"urlTemplate\":\"https:\/\/heikkala.com\/en\/?s={search_term_string}\"},\"query-input\":{\"@type\":\"PropertyValueSpecification\",\"valueRequired\":true,\"valueName\":\"search_term_string\"}}],\"inLanguage\":\"en-US\"},{\"@type\":\"Organization\",\"@id\":\"https:\/\/heikkala.com\/en\/#organization\",\"name\":\"Matkailumaja Heikkala\",\"url\":\"https:\/\/heikkala.com\/en\/\",\"logo\":{\"@type\":\"ImageObject\",\"inLanguage\":\"en-US\",\"@id\":\"https:\/\/heikkala.com\/en\/#\/schema\/logo\/image\/\",\"url\":\"https:\/\/heikkala.com\/wp-content\/uploads\/2023\/05\/heikkala-logo-120.png\",\"contentUrl\":\"https:\/\/heikkala.com\/wp-content\/uploads\/2023\/05\/heikkala-logo-120.png\",\"width\":120,\"height\":35,\"caption\":\"Matkailumaja Heikkala\"},\"image\":{\"@id\":\"https:\/\/heikkala.com\/en\/#\/schema\/logo\/image\/\"},\"sameAs\":[\"https:\/\/www.facebook.com\/matkailumajaheikkala\/\",\"https:\/\/www.tripadvisor.fi\/Hotel_Review-g189928-d2218664-Reviews-Matkailumaja_Heikkala_Cottages-Kuusamo_Northern_Ostrobothnia.html\",\"https:\/\/www.instagram.com\/matkailumajaheikkala\/\"]}]}<\/script>\n<!-- \/ Yoast SEO plugin. -->","yoast_head_json":{"title":"Cottage Rental - Ruka Holiday Resort - Matkailumaja Heikkala","description":"Have an easy and carefree holiday in North-East Finland! We offer you accommodation in holiday cottages by Lake Talvij\u00e4rvi, in Ruka Holiday Resort.","robots":{"index":"index","follow":"follow","max-snippet":"max-snippet:-1","max-image-preview":"max-image-preview:large","max-video-preview":"max-video-preview:-1"},"canonical":"https:\/\/heikkala.com\/en\/","og_locale":"en_US","og_type":"article","og_title":"Cottage Rental - Ruka Holiday Resort - Matkailumaja Heikkala","og_description":"Have an easy and carefree holiday in North-East Finland! We offer you accommodation in holiday cottages by Lake Talvij\u00e4rvi, in Ruka Holiday Resort.","og_url":"https:\/\/heikkala.com\/en\/","og_site_name":"Matkailumaja Heikkala","article_publisher":"https:\/\/www.facebook.com\/matkailumajaheikkala\/","article_modified_time":"2026-01-11T17:48:03+00:00","og_image":[{"width":1920,"height":1080,"url":"https:\/\/heikkala.com\/wp-content\/uploads\/2023\/04\/heikkala-pihapiiri-talvi.jpg","type":"image\/jpeg"}],"twitter_card":"summary_large_image","twitter_misc":{"Est. reading time":"4 minutes"},"schema":{"@context":"https:\/\/schema.org","@graph":[{"@type":"WebPage","@id":"https:\/\/heikkala.com\/en\/","url":"https:\/\/heikkala.com\/en\/","name":"Cottage Rental - Ruka Holiday Resort - Matkailumaja Heikkala","isPartOf":{"@id":"https:\/\/heikkala.com\/en\/#website"},"primaryImageOfPage":{"@id":"https:\/\/heikkala.com\/en\/#primaryimage"},"image":{"@id":"https:\/\/heikkala.com\/en\/#primaryimage"},"thumbnailUrl":"https:\/\/heikkala.com\/wp-content\/uploads\/2023\/04\/heikkala-pihapiiri-talvi.jpg","datePublished":"2009-08-31T18:26:04+00:00","dateModified":"2026-01-11T17:48:03+00:00","description":"Have an easy and carefree holiday in North-East Finland! We offer you accommodation in holiday cottages by Lake Talvij\u00e4rvi, in Ruka Holiday Resort.","breadcrumb":{"@id":"https:\/\/heikkala.com\/en\/#breadcrumb"},"inLanguage":"en-US","potentialAction":[{"@type":"ReadAction","target":["https:\/\/heikkala.com\/en\/"]}]},{"@type":"ImageObject","inLanguage":"en-US","@id":"https:\/\/heikkala.com\/en\/#primaryimage","url":"https:\/\/heikkala.com\/wp-content\/uploads\/2023\/04\/heikkala-pihapiiri-talvi.jpg","contentUrl":"https:\/\/heikkala.com\/wp-content\/uploads\/2023\/04\/heikkala-pihapiiri-talvi.jpg","width":1920,"height":1080},{"@type":"BreadcrumbList","@id":"https:\/\/heikkala.com\/en\/#breadcrumb","itemListElement":[{"@type":"ListItem","position":1,"name":"Etusivu","item":"https:\/\/heikkala.com\/en\/"},{"@type":"ListItem","position":2,"name":"Cottage Rental &#8211; Ruka Holiday Resort"}]},{"@type":"WebSite","@id":"https:\/\/heikkala.com\/en\/#website","url":"https:\/\/heikkala.com\/en\/","name":"Matkailumaja Heikkala","description":"Helppoa ja huoletonta Loman\u00adviettoa Rukalla","publisher":{"@id":"https:\/\/heikkala.com\/en\/#organization"},"potentialAction":[{"@type":"SearchAction","target":{"@type":"EntryPoint","urlTemplate":"https:\/\/heikkala.com\/en\/?s={search_term_string}"},"query-input":{"@type":"PropertyValueSpecification","valueRequired":true,"valueName":"search_term_string"}}],"inLanguage":"en-US"},{"@type":"Organization","@id":"https:\/\/heikkala.com\/en\/#organization","name":"Matkailumaja Heikkala","url":"https:\/\/heikkala.com\/en\/","logo":{"@type":"ImageObject","inLanguage":"en-US","@id":"https:\/\/heikkala.com\/en\/#\/schema\/logo\/image\/","url":"https:\/\/heikkala.com\/wp-content\/uploads\/2023\/05\/heikkala-logo-120.png","contentUrl":"https:\/\/heikkala.com\/wp-content\/uploads\/2023\/05\/heikkala-logo-120.png","width":120,"height":35,"caption":"Matkailumaja Heikkala"},"image":{"@id":"https:\/\/heikkala.com\/en\/#\/schema\/logo\/image\/"},"sameAs":["https:\/\/www.facebook.com\/matkailumajaheikkala\/","https:\/\/www.tripadvisor.fi\/Hotel_Review-g189928-d2218664-Reviews-Matkailumaja_Heikkala_Cottages-Kuusamo_Northern_Ostrobothnia.html","https:\/\/www.instagram.com\/matkailumajaheikkala\/"]}]}},"_links":{"self":[{"href":"https:\/\/heikkala.com\/en\/wp-json\/wp\/v2\/pages\/654","targetHints":{"allow":["GET"]}}],"collection":[{"href":"https:\/\/heikkala.com\/en\/wp-json\/wp\/v2\/pages"}],"about":[{"href":"https:\/\/heikkala.com\/en\/wp-json\/wp\/v2\/types\/page"}],"author":[{"embeddable":true,"href":"https:\/\/heikkala.com\/en\/wp-json\/wp\/v2\/users\/1"}],"replies":[{"embeddable":true,"href":"https:\/\/heikkala.com\/en\/wp-json\/wp\/v2\/comments?post=654"}],"version-history":[{"count":23,"href":"https:\/\/heikkala.com\/en\/wp-json\/wp\/v2\/pages\/654\/revisions"}],"predecessor-version":[{"id":2430,"href":"https:\/\/heikkala.com\/en\/wp-json\/wp\/v2\/pages\/654\/revisions\/2430"}],"wp:featuredmedia":[{"embeddable":true,"href":"https:\/\/heikkala.com\/en\/wp-json\/wp\/v2\/media\/696"}],"wp:attachment":[{"href":"https:\/\/heikkala.com\/en\/wp-json\/wp\/v2\/media?parent=654"}],"curies":[{"name":"wp","href":"https:\/\/api.w.org\/{rel}","templated":true}]}}